{"id":9084,"date":"2017-05-26T15:56:03","date_gmt":"2017-05-26T15:56:03","guid":{"rendered":"http:\/\/gatorframeworks.com\/?page_id=9084"},"modified":"2017-05-26T17:49:20","modified_gmt":"2017-05-26T17:49:20","slug":"prop-65","status":"publish","type":"page","link":"https:\/\/jblbags.com\/es\/prop-65\/","title":{"rendered":"Prop 65"},"content":{"rendered":"<div class=\"wpb-content-wrapper\"><div class=\"vc_row wpb_row vc_row-fluid vc_custom_1495814155777  full-width-section mpc-row\"><div class=\"vc_span12 wpb_column vc_column_container mpc-column\" data-column-id=\"mpc_column-4169d10a0e42196\"><div class=\"vc_column-inner\">\n\t\t<div class=\"wpb_wrapper\">\n\t\t\t\n\t<div class=\"wpb_text_column wpb_content_element   ct_zrha02dlv8peldtb5s45\">\n\t\t<div class=\"wpb_wrapper\">\n\t\t\t<div style=\"width: 100%; text-align: center; margin: 95px 0px;\">\n<h1 style=\"font-weight: 400; color: white; text-transform: uppercase; background: rgba(191, 0, 6, 0.85); display: inline-block; padding: 25px 50px; letter-spacing: 0.1em; font-family: oswald, sans-serif !important; font-size: 72px !important; text-align: center; line-height: 1;\">Prop 65<\/h1>\n<\/div>\n\n\t\t<\/div> \n\t<\/div> \n\t\t<\/div> <\/div>\n\t<\/div> \n<\/div><div class=\"vc_row wpb_row vc_row-fluid vc_custom_1495740198669 mpc-row\"><div class=\"vc_span12 wpb_column vc_column_container mpc-column\"><div class=\"vc_column-inner\">\n\t\t<div class=\"wpb_wrapper\">\n\t\t\t<div class=\"vc_row wpb_row vc_inner vc_row-fluid mpc-row\"><div class=\"wpb_column vc_column_container vc_span12 mpc-column\"><div class=\"vc_column-inner\"><div class=\"wpb_wrapper\">\n\t<div class=\"wpb_text_column wpb_content_element   ct_xs12ju8tnapljobxs8ej\">\n\t\t<div class=\"wpb_wrapper\">\n\t\t\t<h3>\u00bfQu\u00e9 significa la advertencia de Prop 65 que encontr\u00e9 en mi producto Gator?<\/h3>\n<p>&quot;<em>Este producto contiene un qu\u00edmico conocido en el estado de California como causante de c\u00e1ncer y defectos de nacimiento u otros da\u00f1os reproductivos,<\/em>&quot;No es lo que espera ver cuando abre su nuevo estuche, bolso o soporte. Incluso puede encontrarlo alarmante. Sin embargo, si vive en el estado de California y mira a su alrededor, encontrar\u00e1 esta advertencia en art\u00edculos en su hogar, en restaurantes e incluso en parques tem\u00e1ticos.<\/p>\n<p>Esta advertencia es el resultado de una ley aprobada en California en 1986, conocida como la Ley de Agua Potable Segura de California y la Ley de Aplicaci\u00f3n de T\u00f3xicos de 1986, o m\u00e1s generalmente denominada &quot;Proposici\u00f3n 65&quot;.<\/p>\n\n\t\t<\/div> \n\t<\/div> \n\t<div class=\"wpb_text_column wpb_content_element   ct_yezedjewg87vh5mdvshl\">\n\t\t<div class=\"wpb_wrapper\">\n\t\t\t<h3>\u00bfPor qu\u00e9 Gator incluye esta advertencia?<\/h3>\n<p>Responder esta pregunta requiere m\u00e1s contexto. En primer lugar, Gator Cases se esfuerza por cumplir con todas las leyes aplicables, incluida la Proposici\u00f3n 65. Con la forma en que est\u00e1 estructurada la Proposici\u00f3n 65, sin embargo, no es posible determinar, con 100% de certeza cient\u00edfica, si un producto en particular requiere o no una advertencia. para cualquiera de los m\u00e1s de 850 productos qu\u00edmicos en la lista de la Propuesta 65. Al mismo tiempo, la ley permite a cualquier persona privada &quot;en inter\u00e9s p\u00fablico&quot;, los llamados cazadores de recompensas privadas, demandar a las empresas para hacer cumplir la ley y mantener un porcentaje de las sanciones impuestas. La falta de certeza de la ley sobre cu\u00e1ndo advertir a menudo es explotada por estos cazarrecompensas, que presentan miles de demandas de la Proposici\u00f3n 65 cada a\u00f1o. Las sanciones pueden ser muy altas; El costo de defender un caso tambi\u00e9n es muy alto.<\/p>\n<p>Como resultado de las posibles sanciones y el clima actual de aplicaci\u00f3n privada, Gator, as\u00ed como muchos otros fabricantes, han optado por proporcionar el aviso de la Proposici\u00f3n 65 por precauci\u00f3n a fin de garantizar el cumplimiento y evitar la posibilidad de responsabilidad. Con m\u00e1s de 800 productos Gator que tienen muchos subconjuntos y podr\u00edan tener variaciones en los proveedores de materias primas, no es financieramente posible que podamos probar y volver a probar los m\u00e1s de 850 productos qu\u00edmicos en la lista de advertencia de la Proposici\u00f3n 65 de California, una lista que contin\u00faa crecer cada a\u00f1o Para una lista completa, visite <a href=\"https:\/\/oehha.ca.gov\/proposition-65\/proposition-65-list\" target=\"_blank\" rel=\"noopener noreferrer\">el sitio web oficial de OEHHA<\/a>.<\/p>\n<p>La advertencia no significa que nuestros productos realmente causen alg\u00fan da\u00f1o. Adem\u00e1s, una advertencia de la Proposici\u00f3n 65 no significa que un producto infringe las normas o requisitos de seguridad del producto. De hecho, el gobierno de California ha aclarado que &quot;el hecho de que un producto lleve una advertencia de la Propuesta 65 no significa por s\u00ed mismo que el producto no es seguro&quot;. El gobierno tambi\u00e9n ha explicado: &quot;Se podr\u00eda pensar en la Propuesta 65 m\u00e1s como un&quot; derecho conocer la ley que una ley pura de seguridad del producto &quot;. <a href=\"http:\/\/oehha.ca.gov\/prop65\/background\/p65plain.html\" target=\"_blank\" rel=\"noopener noreferrer\">(oehha.ca.gov\/prop65\/background\/p65plain)<\/a>.<\/p>\n<p>Creemos que nuestros productos no son da\u00f1inos cuando se usan seg\u00fan lo dise\u00f1ado. Proporcionamos la advertencia para cumplir con esta ley de derecho a la informaci\u00f3n de California.<\/p>\n\n\t\t<\/div> \n\t<\/div> \n\t<div class=\"wpb_text_column wpb_content_element   ct_ttshurgmd1yjst234io3\">\n\t\t<div class=\"wpb_wrapper\">\n\t\t\t<h3>Compr\u00e9 este producto fuera de California; \u00bfPor qu\u00e9 est\u00e1 incluido?<\/h3>\n<p>Nuestros productos se venden en todo el pa\u00eds. Ser\u00eda extremadamente dif\u00edcil y costoso determinar qu\u00e9 productos se vender\u00e1n o traer\u00e1n finalmente a California. Por lo tanto, para garantizar el cumplimiento de los requisitos de la Propuesta 65, hemos decidido incluir estas advertencias en todos nuestros productos, independientemente del destino.<\/p>\n\n\t\t<\/div> \n\t<\/div> \n\t<div class=\"wpb_text_column wpb_content_element   ct_9c6nwuuyvrjlp4nlemwg\">\n\t\t<div class=\"wpb_wrapper\">\n\t\t\t<h3>\u00bfQu\u00e9 es la Proposici\u00f3n 65?<\/h3>\n<p>La Propuesta 65 es una ley amplia que se aplica a cualquier compa\u00f1\u00eda que opere en California, venda productos en California o fabrique productos que puedan venderse o traerse a California. Exige que el Gobernador de California, a trav\u00e9s de la Oficina de Evaluaci\u00f3n de Riesgos para la Salud Ambiental de California (OEHHA), mantenga y publique una lista de productos qu\u00edmicos que se sabe que causan c\u00e1ncer, defectos de nacimiento y \/ u otros da\u00f1os reproductivos. La lista, que debe actualizarse al menos una vez al a\u00f1o, incluye una amplia variedad de productos qu\u00edmicos que se pueden encontrar en muchos art\u00edculos cotidianos, como tintes, solventes, medicamentos, aditivos alimentarios, subproductos de ciertos procesos, pesticidas y productos de tabaco. El prop\u00f3sito de la Propuesta 65 es garantizar que las personas est\u00e9n informadas sobre la exposici\u00f3n a estos qu\u00edmicos.<\/p>\n<p>La Proposici\u00f3n 65 tambi\u00e9n requiere que se coloquen advertencias en cualquier producto, empaque del producto o literatura que acompa\u00f1e a un producto que contenga o pueda contener cualquiera de los m\u00e1s de 800 productos qu\u00edmicos que OEHHA ha enumerado. Como se se\u00f1al\u00f3 anteriormente, muchos de los elementos enumerados en la Proposici\u00f3n 65 se han utilizado rutinariamente en art\u00edculos de consumo diario durante a\u00f1os sin da\u00f1os documentados.<\/p>\n<p>Se debe dar una advertencia si el qu\u00edmico enumerado simplemente est\u00e1 presente en un producto, a menos que una empresa demuestre que la exposici\u00f3n que causa no presenta ning\u00fan riesgo significativo. Los niveles de &quot;riesgo no significativo&quot; establecidos por la ley presentan algunos de los servicios de salud p\u00fablica m\u00e1s conservadores. niveles en el mundo. Con respecto a los carcin\u00f3genos, el nivel de &quot;riesgo no significativo&quot; se define como el nivel que se calcula para dar como resultado no m\u00e1s de un caso de c\u00e1ncer en exceso en 100,000 individuos expuestos durante un per\u00edodo de vida de 70 a\u00f1os. En otras palabras, si est\u00e1 expuesto a la sustancia qu\u00edmica en cuesti\u00f3n a este nivel todos los d\u00edas durante 70 a\u00f1os, en teor\u00eda, aumentar\u00e1 sus posibilidades de contraer c\u00e1ncer en no m\u00e1s de 1 caso en 100,000 personas as\u00ed expuestas.<\/p>\n<p>Con respecto a los t\u00f3xicos para la reproducci\u00f3n, el nivel de &quot;riesgo no significativo&quot; se define como el nivel de exposici\u00f3n que, incluso si se multiplica por 1,000, no producir\u00e1 defectos de nacimiento u otros da\u00f1os reproductivos. En otras palabras, el nivel de exposici\u00f3n est\u00e1 por debajo del &quot;nivel de efecto no observable&quot;, dividido por 1,000. (El &quot;nivel de efecto no observable&quot; es el nivel de dosis m\u00e1s alto que no se ha asociado con da\u00f1os reproductivos observables en humanos o animales de prueba).<\/p>\n\n\t\t<\/div> \n\t<\/div> <\/div><\/div><\/div><\/div>\n\t<div class=\"wpb_text_column wpb_content_element   ct_7yp6c2z5f3uoup0xn6dj\">\n\t\t<div class=\"wpb_wrapper\">\n\t\t\t<p>Para obtener m\u00e1s informaci\u00f3n sobre la Propuesta 65, visite: <a href=\"http:\/\/www.oehha.ca.gov\/prop65\/getNSRLs.html\" target=\"_blank\" rel=\"noopener noreferrer\">www.oehha.ca.gov\/prop65<\/a><\/p>\n\n\t\t<\/div> \n\t<\/div> \n\t\t<\/div> <\/div>\n\t<\/div> \n<\/div><div class=\"vc_row wpb_row vc_row-fluid mpc-row\"><div class=\"vc_span12 wpb_column vc_column_container mpc-column\"><div class=\"vc_column-inner\">\n\t\t<div class=\"wpb_wrapper\">\n\t\t\t\n\t\t<\/div> <\/div>\n\t<\/div> \n<\/div>\n<\/div>","protected":false},"excerpt":{"rendered":"<p>Prop 65 What does the Prop 65 warning I found on my Gator product mean? &ldquo;This product contains a chemical known to the State of California to cause cancer and birth defects or other reproductive harm,&rdquo; is not what you expect to see when you open your new case, bag or stand. You may even<\/p>","protected":false},"author":6,"featured_media":0,"parent":0,"menu_order":0,"comment_status":"closed","ping_status":"closed","template":"","meta":{"_acf_changed":false,"footnotes":""},"class_list":["post-9084","page","type-page","status-publish","hentry"],"acf":[],"yoast_head":"<!-- This site is optimized with the Yoast SEO plugin v27.2 - https:\/\/yoast.com\/product\/yoast-seo-wordpress\/ -->\n<title>Prop 65 - JBL Bags<\/title>\n<meta name=\"robots\" content=\"index, follow, max-snippet:-1, max-image-preview:large, max-video-preview:-1\" \/>\n<link rel=\"canonical\" href=\"https:\/\/jblbags.com\/es\/prop-65\/\" \/>\n<meta property=\"og:locale\" content=\"es_ES\" \/>\n<meta property=\"og:type\" content=\"article\" \/>\n<meta property=\"og:title\" content=\"Prop 65 - JBL Bags\" \/>\n<meta property=\"og:description\" content=\"Prop 65 What does the Prop 65 warning I found on my Gator product mean? &ldquo;This product contains a chemical known to the State of California to cause cancer and birth defects or other reproductive harm,&rdquo; is not what you expect to see when you open your new case, bag or stand. You may even\" \/>\n<meta property=\"og:url\" content=\"https:\/\/jblbags.com\/es\/prop-65\/\" \/>\n<meta property=\"og:site_name\" content=\"JBL Bags\" \/>\n<meta property=\"article:modified_time\" content=\"2017-05-26T17:49:20+00:00\" \/>\n<meta name=\"twitter:card\" content=\"summary_large_image\" \/>\n<meta name=\"twitter:label1\" content=\"Tiempo de lectura\" \/>\n\t<meta name=\"twitter:data1\" content=\"5 minutos\" \/>\n<script type=\"application\/ld+json\" class=\"yoast-schema-graph\">{\"@context\":\"https:\/\/schema.org\",\"@graph\":[{\"@type\":\"WebPage\",\"@id\":\"https:\/\/jblbags.com\/prop-65\/\",\"url\":\"https:\/\/jblbags.com\/prop-65\/\",\"name\":\"Prop 65 - JBL Bags\",\"isPartOf\":{\"@id\":\"https:\/\/jblbags.com\/#website\"},\"datePublished\":\"2017-05-26T15:56:03+00:00\",\"dateModified\":\"2017-05-26T17:49:20+00:00\",\"breadcrumb\":{\"@id\":\"https:\/\/jblbags.com\/prop-65\/#breadcrumb\"},\"inLanguage\":\"es\",\"potentialAction\":[{\"@type\":\"ReadAction\",\"target\":[\"https:\/\/jblbags.com\/prop-65\/\"]}]},{\"@type\":\"BreadcrumbList\",\"@id\":\"https:\/\/jblbags.com\/prop-65\/#breadcrumb\",\"itemListElement\":[{\"@type\":\"ListItem\",\"position\":1,\"name\":\"Home\",\"item\":\"https:\/\/jblbags.com\/\"},{\"@type\":\"ListItem\",\"position\":2,\"name\":\"Prop 65\"}]},{\"@type\":\"WebSite\",\"@id\":\"https:\/\/jblbags.com\/#website\",\"url\":\"https:\/\/jblbags.com\/\",\"name\":\"JBL Bags\",\"description\":\"The Official Provider of JBL Bags, Cases, Covers and Stands\",\"potentialAction\":[{\"@type\":\"SearchAction\",\"target\":{\"@type\":\"EntryPoint\",\"urlTemplate\":\"https:\/\/jblbags.com\/?s={search_term_string}\"},\"query-input\":{\"@type\":\"PropertyValueSpecification\",\"valueRequired\":true,\"valueName\":\"search_term_string\"}}],\"inLanguage\":\"es\"}]}<\/script>\n<!-- \/ Yoast SEO plugin. -->","yoast_head_json":{"title":"Prop 65 - JBL Bags","robots":{"index":"index","follow":"follow","max-snippet":"max-snippet:-1","max-image-preview":"max-image-preview:large","max-video-preview":"max-video-preview:-1"},"canonical":"https:\/\/jblbags.com\/es\/prop-65\/","og_locale":"es_ES","og_type":"article","og_title":"Prop 65 - JBL Bags","og_description":"Prop 65 What does the Prop 65 warning I found on my Gator product mean? &ldquo;This product contains a chemical known to the State of California to cause cancer and birth defects or other reproductive harm,&rdquo; is not what you expect to see when you open your new case, bag or stand. You may even","og_url":"https:\/\/jblbags.com\/es\/prop-65\/","og_site_name":"JBL Bags","article_modified_time":"2017-05-26T17:49:20+00:00","twitter_card":"summary_large_image","twitter_misc":{"Tiempo de lectura":"5 minutos"},"schema":{"@context":"https:\/\/schema.org","@graph":[{"@type":"WebPage","@id":"https:\/\/jblbags.com\/prop-65\/","url":"https:\/\/jblbags.com\/prop-65\/","name":"Prop 65 - JBL Bags","isPartOf":{"@id":"https:\/\/jblbags.com\/#website"},"datePublished":"2017-05-26T15:56:03+00:00","dateModified":"2017-05-26T17:49:20+00:00","breadcrumb":{"@id":"https:\/\/jblbags.com\/prop-65\/#breadcrumb"},"inLanguage":"es","potentialAction":[{"@type":"ReadAction","target":["https:\/\/jblbags.com\/prop-65\/"]}]},{"@type":"BreadcrumbList","@id":"https:\/\/jblbags.com\/prop-65\/#breadcrumb","itemListElement":[{"@type":"ListItem","position":1,"name":"Home","item":"https:\/\/jblbags.com\/"},{"@type":"ListItem","position":2,"name":"Prop 65"}]},{"@type":"WebSite","@id":"https:\/\/jblbags.com\/#website","url":"https:\/\/jblbags.com\/","name":"Bolsas JBL","description":"The Official Provider of JBL Bags, Cases, Covers and Stands","potentialAction":[{"@type":"SearchAction","target":{"@type":"EntryPoint","urlTemplate":"https:\/\/jblbags.com\/?s={search_term_string}"},"query-input":{"@type":"PropertyValueSpecification","valueRequired":true,"valueName":"search_term_string"}}],"inLanguage":"es"}]}},"_links":{"self":[{"href":"https:\/\/jblbags.com\/es\/wp-json\/wp\/v2\/pages\/9084","targetHints":{"allow":["GET"]}}],"collection":[{"href":"https:\/\/jblbags.com\/es\/wp-json\/wp\/v2\/pages"}],"about":[{"href":"https:\/\/jblbags.com\/es\/wp-json\/wp\/v2\/types\/page"}],"author":[{"embeddable":true,"href":"https:\/\/jblbags.com\/es\/wp-json\/wp\/v2\/users\/6"}],"replies":[{"embeddable":true,"href":"https:\/\/jblbags.com\/es\/wp-json\/wp\/v2\/comments?post=9084"}],"version-history":[{"count":0,"href":"https:\/\/jblbags.com\/es\/wp-json\/wp\/v2\/pages\/9084\/revisions"}],"wp:attachment":[{"href":"https:\/\/jblbags.com\/es\/wp-json\/wp\/v2\/media?parent=9084"}],"curies":[{"name":"wp","href":"https:\/\/api.w.org\/{rel}","templated":true}]}}