{"id":9022,"date":"2017-05-25T19:35:14","date_gmt":"2017-05-25T19:35:14","guid":{"rendered":"http:\/\/gatorframeworks.com\/?page_id=9022"},"modified":"2022-01-20T17:27:09","modified_gmt":"2022-01-20T17:27:09","slug":"warranty","status":"publish","type":"page","link":"https:\/\/jblbags.com\/es\/warranty\/","title":{"rendered":"Garant\u00eda"},"content":{"rendered":"<div class=\"wpb-content-wrapper\"><div class=\"vc_row wpb_row vc_row-fluid vc_custom_1503581977172  full-width-section mpc-row\"><div class=\"vc_span12 wpb_column vc_column_container mpc-column\" data-column-id=\"mpc_column-7469f4ce873077f\"><div class=\"vc_column-inner\">\n\t\t<div class=\"wpb_wrapper\">\n\t\t\t\n\t<div class=\"wpb_text_column wpb_content_element   ct_u7al2evfqba5tsmnz8nj\">\n\t\t<div class=\"wpb_wrapper\">\n\t\t\t<div class=\"basic_page_title_wrap\">\n<h1 class=\"basic_page_title\">Garant\u00eda<\/h1>\n<\/div>\n\n\t\t<\/div> \n\t<\/div> \n\t\t<\/div> <\/div>\n\t<\/div> \n<\/div><div class=\"vc_row wpb_row vc_row-fluid vc_custom_1495740198669 mpc-row\"><div class=\"vc_span12 wpb_column vc_column_container mpc-column\"><div class=\"vc_column-inner\">\n\t\t<div class=\"wpb_wrapper\">\n\t\t\t\n\t<div class=\"wpb_text_column wpb_content_element   ct_03pduvltvs5u2edp4xec\">\n\t\t<div class=\"wpb_wrapper\">\n\t\t\t<h2>Nuestros estuches, bolsas y cubiertas est\u00e1n respaldados por una garant\u00eda de 1 a\u00f1o.<\/h2>\n<p>JBL Bags se dedica a producir estuches, fundas, bolsos y accesorios de la m\u00e1s alta calidad. Respaldamos ese compromiso con una garant\u00eda de 1 a\u00f1o en cualquier defecto de fabricaci\u00f3n en materiales y mano de obra. Esta garant\u00eda se aplica al propietario original y requiere comprobante de compra. Nuestra garant\u00eda da derecho al propietario original a reparar o reemplazar el producto, o al reemplazo con un producto similar de valor y condici\u00f3n similar a nuestra discreci\u00f3n. Esta garant\u00eda est\u00e1 limitada \u00fanicamente a los productos JBL Bags y excluye la p\u00e9rdida de bienes personales, la p\u00e9rdida de uso, el da\u00f1o accidental, el uso indebido o el desgaste normal.<\/p>\n\n\t\t<\/div> \n\t<\/div> \n\t\t<\/div> <\/div>\n\t<\/div> \n<\/div><div class=\"vc_row wpb_row vc_row-fluid vc_custom_1503927822719  full-width-section mpc-row\"><div class=\"vc_span12 wpb_column vc_column_container mpc-column\"><div class=\"vc_column-inner\">\n\t\t<div class=\"wpb_wrapper\">\n\t\t\t\n\t<div class=\"wpb_text_column wpb_content_element   ct_6cp6y1vm43pyzcmax0rd\">\n\t\t<div class=\"wpb_wrapper\">\n\t\t\t<h2>Informaci\u00f3n de garant\u00eda de 1 a\u00f1o<\/h2>\n<div class=\"section def_section\">\n<div class=\"pro-tab-wrap vc_row wpb_row vc_row-fluid tab-section mpc-row tabed-content-product desktop-view\">\n<div class=\"vc_span12 wpb_column vc_column_container mpc-column\">\n<div class=\"vc_column-inner\">\n<div class=\"wpb_wrapper\">\n<div class=\"mpc-tabs mpc-transition mpc-tabs--top mpc-inited\">\n<div class=\"mpc-tabs__content mpc-transition warranty_and_downloads\">\n<div id=\"tab-three-wear-warranty\" class=\"tab-three-wear-warranty_wrapper mpc-container mpc-transition\" data-active=\"true\">\n<div class=\"mpc-tab__content\">\n<div class=\"wpb_text_column wpb_content_element\">\n<div id=\"ct_8j1nlhrhjjg5fgzh1dtv\" class=\"wpb_wrapper\">\n<p><strong>Da\u00f1o no cubierto<\/strong>&nbsp;- La cobertura de la garant\u00eda de JBL Bags se limita a los defectos de fabricaci\u00f3n y no cubre ning\u00fan da\u00f1o causado por mal uso, negligencia, accidentes, abrasi\u00f3n, exposici\u00f3n a temperaturas extremas, disolventes, \u00e1cidos, agua, desgaste normal o da\u00f1os de transporte.<\/p>\n<p><strong>Partes m\u00f3viles<\/strong>&nbsp;- La garant\u00eda de JBL Bags cubre las piezas m\u00f3viles que est\u00e1n sujetas a desgaste regular, incluidas, entre otras, cremalleras, asas retr\u00e1ctiles y ruedas, durante un a\u00f1o desde el momento de la compra. Despu\u00e9s de un a\u00f1o continuaremos ofreciendo piezas reemplazables en el campo sin cargo durante la vida \u00fatil del producto. Sin embargo, el reemplazo no estar\u00e1 disponible despu\u00e9s de un a\u00f1o y los servicios de reparaci\u00f3n tendr\u00e1n un costo.<\/p>\n<p><strong>Aerol\u00ednea \/ Da\u00f1os de env\u00edo<\/strong>&nbsp;- La garant\u00eda de JBL Bags no cubre los da\u00f1os causados por el mal manejo de la l\u00ednea a\u00e9rea o de la empresa de transporte. En caso de que las aerol\u00edneas u otro transportista da\u00f1en su producto, se debe presentar inmediatamente un reclamo ante el transportista. La mayor\u00eda de las compa\u00f1\u00edas ofrecen seguros contra p\u00e9rdidas o da\u00f1os. Nos complace ayudarlo a presentar su reclamo al proporcionar informaci\u00f3n sobre los costos de las piezas, la reparaci\u00f3n y el reemplazo.<\/p>\n<p><strong>Art\u00edculos descatalogados<\/strong>&nbsp;- La garant\u00eda de JBL Bags respalda las piezas y el reemplazo de productos descontinuados por un a\u00f1o desde el momento en que el producto ya no est\u00e1 disponible comercialmente en JBL Bags o desde un a\u00f1o desde la compra original, cualquiera que sea la fecha posterior. Despu\u00e9s de un a\u00f1o, el producto est\u00e1 fuera de su ciclo de vida y ya no est\u00e1 garantizado, sin embargo, si todav\u00eda tenemos la pieza o una pieza sustituta, siempre nos complacer\u00e1 complacer a nuestros clientes con un reemplazo de la pieza. P\u00f3ngase en contacto con nosotros para obtener informaci\u00f3n sobre la disponibilidad de cada caso.<\/p>\n<p><strong>Anulando su garant\u00eda<br>\n<\/strong>\u2022 La garant\u00eda de JBL Bags se considerar\u00e1 nula si:<br>\n\u2022 Cualquier mantenimiento o reparaci\u00f3n incorrecta o realizada de manera incorrecta es realizada por un centro de servicio no aprobado por JBL Bags.<br>\n\u2022 Todos los productos JBL Bags se utilizan en una capacidad de alquiler.<\/p>\n<p><strong>Fuera de estados unidos<\/strong>&nbsp;- P\u00f3ngase en contacto con nosotros para recibir informaci\u00f3n sobre su distribuidor local.<\/p>\n<p><strong>Procedimiento para la resoluci\u00f3n de reclamos de garant\u00eda<\/strong>&nbsp;- Los reclamantes de la garant\u00eda deber\u00e1n presentar una copia de su recibo original como comprobante de compra junto con las fotos del defecto. Los art\u00edculos defectuosos se devolver\u00e1n al centro de servicio de JBL Bags m\u00e1s cercano. Todos los env\u00edos entrantes ser\u00e1n responsabilidad del cliente, incluidos, entre otros, los costos de embalaje, env\u00edo e impuestos aplicables. Al recibirlo, su producto ser\u00e1 inspeccionado por uno de nuestros t\u00e9cnicos de servicio de JBL Bags. El t\u00e9cnico de servicio determinar\u00e1 si el problema est\u00e1 cubierto o no por la garant\u00eda de JBL Bags. Suponiendo que se aplique la garant\u00eda, se notificar\u00e1 al cliente si el producto de las bolsas JBL ser\u00e1 reparado o reemplazado. El producto de reemplazo estar\u00e1 en condiciones iguales o mejores en comparaci\u00f3n con el producto del cliente. Cualquier reparaci\u00f3n o reemplazo ser\u00e1 a cargo exclusivo de JBL Bags, incluidos los costos necesarios para devolver el producto reparado o de reemplazo. Si el producto debe ser reemplazado y el producto ya no est\u00e1 disponible (dentro de un a\u00f1o de su suspensi\u00f3n) JBL Bags sustituir\u00e1 el art\u00edculo defectuoso por un producto comparable de JBL Bags. Si se considera que la garant\u00eda no se aplica debido a las exclusiones mencionadas anteriormente, JBL Bags se pondr\u00e1 en contacto con el cliente para determinar la resoluci\u00f3n adecuada.<\/p>\n<p>Esta garant\u00eda est\u00e1 sujeta a cambios y puede modificarse a discreci\u00f3n de JBL Bags \/ Gator Cases Inc.<\/p>\n<\/div>\n<\/div>\n<\/div>\n<\/div>\n<\/div>\n<\/div>\n<\/div>\n<\/div>\n<\/div>\n<\/div>\n<\/div>\n\n\t\t<\/div> \n\t<\/div> \n\t\t<\/div> <\/div>\n\t<\/div> \n<\/div><div class=\"vc_row wpb_row vc_row-fluid mpc-row\"><div class=\"vc_span12 wpb_column vc_column_container mpc-column\"><div class=\"vc_column-inner\">\n\t\t<div class=\"wpb_wrapper\">\n\t\t\t<style type=\"text\/css\" >#b_ad31ajb1064ibqzgags0 a{color:; background:; margin-top:0px; margin-bottom:0px;  margin-left:0px; margin-right:0px; font-weight:900; border-radius:0px;}#b_ad31ajb1064ibqzgags0 a:hover{color: ; background: ;}<\/style><div class=\"ta_center tf_btn_pos\" id=\"b_ad31ajb1064ibqzgags0\"><a class=\"rd_normal_bt large_rd_bt\" href=\"https:\/\/rma.gatorcases.com\/\" target=\"\">FILE A CLAIM<\/a><\/div>\n\t\t<\/div> <\/div>\n\t<\/div> \n<\/div>\n<\/div>","protected":false},"excerpt":{"rendered":"<p>Warranty Our Cases, Bags and Covers are Backed by a 1-Year Warranty. JBL Bags is dedicated to producing the highest quality cases, covers, bags and accessories. We back up that commitment with a 1 year Warranty on any manufacturing defects in material and workmanship. &nbsp;This warranty applies to the original owner and requires proof of<\/p>","protected":false},"author":6,"featured_media":0,"parent":0,"menu_order":0,"comment_status":"closed","ping_status":"closed","template":"","meta":{"_acf_changed":false,"footnotes":""},"class_list":["post-9022","page","type-page","status-publish","hentry"],"acf":[],"yoast_head":"<!-- This site is optimized with the Yoast SEO plugin v27.2 - https:\/\/yoast.com\/product\/yoast-seo-wordpress\/ -->\n<title>Warranty - JBL Bags<\/title>\n<meta name=\"robots\" content=\"index, follow, max-snippet:-1, max-image-preview:large, max-video-preview:-1\" \/>\n<link rel=\"canonical\" href=\"https:\/\/jblbags.com\/es\/warranty\/\" \/>\n<meta property=\"og:locale\" content=\"es_ES\" \/>\n<meta property=\"og:type\" content=\"article\" \/>\n<meta property=\"og:title\" content=\"Warranty - JBL Bags\" \/>\n<meta property=\"og:description\" content=\"Warranty Our Cases, Bags and Covers are Backed by a 1-Year Warranty. JBL Bags is dedicated to producing the highest quality cases, covers, bags and accessories. We back up that commitment with a 1 year Warranty on any manufacturing defects in material and workmanship. &nbsp;This warranty applies to the original owner and requires proof of\" \/>\n<meta property=\"og:url\" content=\"https:\/\/jblbags.com\/es\/warranty\/\" \/>\n<meta property=\"og:site_name\" content=\"JBL Bags\" \/>\n<meta property=\"article:modified_time\" content=\"2022-01-20T17:27:09+00:00\" \/>\n<meta name=\"twitter:card\" content=\"summary_large_image\" \/>\n<meta name=\"twitter:label1\" content=\"Tiempo de lectura\" \/>\n\t<meta name=\"twitter:data1\" content=\"4 minutos\" \/>\n<script type=\"application\/ld+json\" class=\"yoast-schema-graph\">{\"@context\":\"https:\/\/schema.org\",\"@graph\":[{\"@type\":\"WebPage\",\"@id\":\"https:\/\/jblbags.com\/warranty\/\",\"url\":\"https:\/\/jblbags.com\/warranty\/\",\"name\":\"Warranty - JBL Bags\",\"isPartOf\":{\"@id\":\"https:\/\/jblbags.com\/#website\"},\"datePublished\":\"2017-05-25T19:35:14+00:00\",\"dateModified\":\"2022-01-20T17:27:09+00:00\",\"breadcrumb\":{\"@id\":\"https:\/\/jblbags.com\/warranty\/#breadcrumb\"},\"inLanguage\":\"es\",\"potentialAction\":[{\"@type\":\"ReadAction\",\"target\":[\"https:\/\/jblbags.com\/warranty\/\"]}]},{\"@type\":\"BreadcrumbList\",\"@id\":\"https:\/\/jblbags.com\/warranty\/#breadcrumb\",\"itemListElement\":[{\"@type\":\"ListItem\",\"position\":1,\"name\":\"Home\",\"item\":\"https:\/\/jblbags.com\/\"},{\"@type\":\"ListItem\",\"position\":2,\"name\":\"Warranty\"}]},{\"@type\":\"WebSite\",\"@id\":\"https:\/\/jblbags.com\/#website\",\"url\":\"https:\/\/jblbags.com\/\",\"name\":\"JBL Bags\",\"description\":\"The Official Provider of JBL Bags, Cases, Covers and Stands\",\"potentialAction\":[{\"@type\":\"SearchAction\",\"target\":{\"@type\":\"EntryPoint\",\"urlTemplate\":\"https:\/\/jblbags.com\/?s={search_term_string}\"},\"query-input\":{\"@type\":\"PropertyValueSpecification\",\"valueRequired\":true,\"valueName\":\"search_term_string\"}}],\"inLanguage\":\"es\"}]}<\/script>\n<!-- \/ Yoast SEO plugin. -->","yoast_head_json":{"title":"Warranty - JBL Bags","robots":{"index":"index","follow":"follow","max-snippet":"max-snippet:-1","max-image-preview":"max-image-preview:large","max-video-preview":"max-video-preview:-1"},"canonical":"https:\/\/jblbags.com\/es\/warranty\/","og_locale":"es_ES","og_type":"article","og_title":"Warranty - JBL Bags","og_description":"Warranty Our Cases, Bags and Covers are Backed by a 1-Year Warranty. JBL Bags is dedicated to producing the highest quality cases, covers, bags and accessories. We back up that commitment with a 1 year Warranty on any manufacturing defects in material and workmanship. &nbsp;This warranty applies to the original owner and requires proof of","og_url":"https:\/\/jblbags.com\/es\/warranty\/","og_site_name":"JBL Bags","article_modified_time":"2022-01-20T17:27:09+00:00","twitter_card":"summary_large_image","twitter_misc":{"Tiempo de lectura":"4 minutos"},"schema":{"@context":"https:\/\/schema.org","@graph":[{"@type":"WebPage","@id":"https:\/\/jblbags.com\/warranty\/","url":"https:\/\/jblbags.com\/warranty\/","name":"Warranty - JBL Bags","isPartOf":{"@id":"https:\/\/jblbags.com\/#website"},"datePublished":"2017-05-25T19:35:14+00:00","dateModified":"2022-01-20T17:27:09+00:00","breadcrumb":{"@id":"https:\/\/jblbags.com\/warranty\/#breadcrumb"},"inLanguage":"es","potentialAction":[{"@type":"ReadAction","target":["https:\/\/jblbags.com\/warranty\/"]}]},{"@type":"BreadcrumbList","@id":"https:\/\/jblbags.com\/warranty\/#breadcrumb","itemListElement":[{"@type":"ListItem","position":1,"name":"Home","item":"https:\/\/jblbags.com\/"},{"@type":"ListItem","position":2,"name":"Warranty"}]},{"@type":"WebSite","@id":"https:\/\/jblbags.com\/#website","url":"https:\/\/jblbags.com\/","name":"Bolsas JBL","description":"The Official Provider of JBL Bags, Cases, Covers and Stands","potentialAction":[{"@type":"SearchAction","target":{"@type":"EntryPoint","urlTemplate":"https:\/\/jblbags.com\/?s={search_term_string}"},"query-input":{"@type":"PropertyValueSpecification","valueRequired":true,"valueName":"search_term_string"}}],"inLanguage":"es"}]}},"_links":{"self":[{"href":"https:\/\/jblbags.com\/es\/wp-json\/wp\/v2\/pages\/9022","targetHints":{"allow":["GET"]}}],"collection":[{"href":"https:\/\/jblbags.com\/es\/wp-json\/wp\/v2\/pages"}],"about":[{"href":"https:\/\/jblbags.com\/es\/wp-json\/wp\/v2\/types\/page"}],"author":[{"embeddable":true,"href":"https:\/\/jblbags.com\/es\/wp-json\/wp\/v2\/users\/6"}],"replies":[{"embeddable":true,"href":"https:\/\/jblbags.com\/es\/wp-json\/wp\/v2\/comments?post=9022"}],"version-history":[{"count":0,"href":"https:\/\/jblbags.com\/es\/wp-json\/wp\/v2\/pages\/9022\/revisions"}],"wp:attachment":[{"href":"https:\/\/jblbags.com\/es\/wp-json\/wp\/v2\/media?parent=9022"}],"curies":[{"name":"wp","href":"https:\/\/api.w.org\/{rel}","templated":true}]}}