{"id":9084,"date":"2017-05-26T15:56:03","date_gmt":"2017-05-26T15:56:03","guid":{"rendered":"http:\/\/gatorframeworks.com\/?page_id=9084"},"modified":"2017-05-26T17:49:20","modified_gmt":"2017-05-26T17:49:20","slug":"prop-65","status":"publish","type":"page","link":"https:\/\/jblbags.com\/de\/prop-65\/","title":{"rendered":"Prop 65"},"content":{"rendered":"<div class=\"wpb-content-wrapper\"><div class=\"vc_row wpb_row vc_row-fluid vc_custom_1495814155777  full-width-section mpc-row\"><div class=\"vc_span12 wpb_column vc_column_container mpc-column\" data-column-id=\"mpc_column-4969d10b0483b21\"><div class=\"vc_column-inner\">\n\t\t<div class=\"wpb_wrapper\">\n\t\t\t\n\t<div class=\"wpb_text_column wpb_content_element   ct_2186psamt8flg08gplli\">\n\t\t<div class=\"wpb_wrapper\">\n\t\t\t<div style=\"width: 100%; text-align: center; margin: 95px 0px;\">\n<h1 style=\"font-weight: 400; color: white; text-transform: uppercase; background: rgba(191, 0, 6, 0.85); display: inline-block; padding: 25px 50px; letter-spacing: 0.1em; font-family: oswald, sans-serif !important; font-size: 72px !important; text-align: center; line-height: 1;\">Prop 65<\/h1>\n<\/div>\n\n\t\t<\/div> \n\t<\/div> \n\t\t<\/div> <\/div>\n\t<\/div> \n<\/div><div class=\"vc_row wpb_row vc_row-fluid vc_custom_1495740198669 mpc-row\"><div class=\"vc_span12 wpb_column vc_column_container mpc-column\"><div class=\"vc_column-inner\">\n\t\t<div class=\"wpb_wrapper\">\n\t\t\t<div class=\"vc_row wpb_row vc_inner vc_row-fluid mpc-row\"><div class=\"wpb_column vc_column_container vc_span12 mpc-column\"><div class=\"vc_column-inner\"><div class=\"wpb_wrapper\">\n\t<div class=\"wpb_text_column wpb_content_element   ct_7xogies7gtivhsab277w\">\n\t\t<div class=\"wpb_wrapper\">\n\t\t\t<h3>Was bedeutet die Prop 65-Warnung, die ich auf meinem Gator-Produkt gefunden habe?<\/h3>\n<p>\u201c<em>Dieses Produkt enth\u00e4lt eine Chemikalie, von der bekannt ist, dass sie Krebs, Geburtsfehler oder andere reproduktive Sch\u00e4den verursacht.<\/em>\u201cIst nicht das, was Sie erwarten, wenn Sie Ihren neuen Koffer, Ihre neue Tasche oder Ihren neuen St\u00e4nder \u00f6ffnen. Vielleicht finden Sie es sogar alarmierend. Wenn Sie jedoch im Bundesstaat Kalifornien leben und sich umsehen, finden Sie diese Warnung auf Gegenst\u00e4nden in Ihrem Haus, in Restaurants und sogar in Themenparks.<\/p>\n<p>Diese Warnung ist das Ergebnis eines Gesetzes, das 1986 in Kalifornien verabschiedet wurde und als California Safe Drinking Water and Toxic Enforcement Act von 1986 oder allgemeiner als \u201eProposition 65\u201c bezeichnet wird.<\/p>\n\n\t\t<\/div> \n\t<\/div> \n\t<div class=\"wpb_text_column wpb_content_element   ct_3tdewttlbdezxwefyjd8\">\n\t\t<div class=\"wpb_wrapper\">\n\t\t\t<h3>Warum enth\u00e4lt Gator diese Warnung?<\/h3>\n<p>Die Beantwortung dieser Frage erfordert etwas mehr Kontext. In erster Linie bem\u00fcht sich Gator Cases, alle geltenden Gesetze einzuhalten, einschlie\u00dflich Proposition 65. Aufgrund der Struktur von Proposition 65 kann jedoch nicht mit hundertprozentiger wissenschaftlicher Sicherheit festgestellt werden, ob f\u00fcr ein bestimmtes Produkt eine Warnung erforderlich ist oder nicht f\u00fcr eine der mehr als 850 Chemikalien auf der Proposition 65-Liste. Gleichzeitig erlaubt das Gesetz jeder privaten Person &quot;im \u00f6ffentlichen Interesse&quot; - sogenannten privaten Kopfgeldj\u00e4gern -, Unternehmen zur Durchsetzung des Gesetzes zu verklagen und einen Prozentsatz der verh\u00e4ngten Strafen beizubehalten. Die Ungewissheit des Gesetzes \u00fcber den Zeitpunkt der Warnung wird h\u00e4ufig von diesen Kopfgeldj\u00e4gern ausgenutzt, die jedes Jahr Tausende von Prozessen gegen Proposition 65 einreichen. Die Strafen k\u00f6nnen sehr hoch sein. Die Kosten f\u00fcr die Verteidigung eines Falls sind ebenfalls sehr hoch.<\/p>\n<p>Aufgrund der potenziellen Sanktionen und des derzeitigen Klimas der privaten Durchsetzung haben sich Gator und viele andere Hersteller dazu entschlossen, die Bekanntmachung zu Proposition 65 mit gr\u00f6\u00dfter Vorsicht vorzulegen, um die Einhaltung der Bestimmungen zu gew\u00e4hrleisten und m\u00f6gliche Haftungsrisiken zu vermeiden. Bei \u00fcber 800 Gator-Produkten mit vielen Unterbaugruppen und m\u00f6glicherweise unterschiedlichen Rohstofflieferanten ist es uns finanziell nicht m\u00f6glich, die 850+ Chemikalien auf der California Proposition 65-Warnliste zu testen und erneut zu testen, eine Liste, die bis heute Bestand hat jedes Jahr wachsen. Eine vollst\u00e4ndige Liste finden Sie unter <a href=\"https:\/\/oehha.ca.gov\/proposition-65\/proposition-65-list\" target=\"_blank\" rel=\"noopener noreferrer\">die offizielle OEHHA Website<\/a>.<\/p>\n<p>Die Warnung bedeutet nicht, dass unsere Produkte tats\u00e4chlich Schaden anrichten. Dar\u00fcber hinaus bedeutet eine Warnung gem\u00e4\u00df Proposition 65 nicht, dass ein Produkt gegen Produktsicherheitsstandards oder -anforderungen verst\u00f6\u00dft. Tats\u00e4chlich hat die kalifornische Regierung klargestellt, dass \u201edie Tatsache, dass ein Produkt eine Warnung gem\u00e4\u00df Proposition 65 tr\u00e4gt, nicht von sich aus bedeutet, dass das Produkt unsicher ist.\u201c Die Regierung hat auch erkl\u00e4rt: \u201eSie k\u00f6nnten Proposition 65 eher als\u201e Recht \u201cbetrachten Gesetz zu kennen als ein reines Produktsicherheitsgesetz. \u201c <a href=\"http:\/\/oehha.ca.gov\/prop65\/background\/p65plain.html\" target=\"_blank\" rel=\"noopener noreferrer\">(oehha.ca.gov\/prop65\/background\/p65plain)<\/a>.<\/p>\n<p>Wir glauben, dass unsere Produkte bei bestimmungsgem\u00e4\u00dfer Verwendung nicht sch\u00e4dlich sind. Wir geben den Warnhinweis, um dieses kalifornische Recht auf Kenntnisnahme einzuhalten.<\/p>\n\n\t\t<\/div> \n\t<\/div> \n\t<div class=\"wpb_text_column wpb_content_element   ct_pbt0ihani2xetrx8fbzm\">\n\t\t<div class=\"wpb_wrapper\">\n\t\t\t<h3>Ich habe dieses Produkt au\u00dferhalb von Kalifornien gekauft. Warum ist es enthalten?<\/h3>\n<p>Unsere Produkte werden bundesweit verkauft. Es w\u00e4re \u00e4u\u00dferst schwierig und kostspielig zu bestimmen, welche Produkte letztendlich verkauft oder nach Kalifornien gebracht werden. Um die Einhaltung der Anforderungen von Proposition 65 sicherzustellen, haben wir uns entschlossen, diese Warnhinweise f\u00fcr alle unsere Produkte unabh\u00e4ngig vom Bestimmungsort zu verwenden.<\/p>\n\n\t\t<\/div> \n\t<\/div> \n\t<div class=\"wpb_text_column wpb_content_element   ct_8de0k70h353bis8ju00i\">\n\t\t<div class=\"wpb_wrapper\">\n\t\t\t<h3>Was ist Satz 65?<\/h3>\n<p>Proposition 65 ist ein umfassendes Gesetz, das f\u00fcr alle Unternehmen gilt, die in Kalifornien t\u00e4tig sind, Produkte in Kalifornien verkaufen oder Produkte herstellen, die in Kalifornien verkauft oder nach Kalifornien gebracht werden d\u00fcrfen. Sie schreibt vor, dass der Gouverneur von Kalifornien \u00fcber das kalifornische Amt f\u00fcr Umweltvertr\u00e4glichkeitspr\u00fcfung (OEHHA) eine Liste von Chemikalien f\u00fchrt und ver\u00f6ffentlicht, von denen bekannt ist, dass sie Krebs, Geburtsfehler und \/ oder andere reproduktive Sch\u00e4den verursachen. Die Liste, die mindestens einmal j\u00e4hrlich aktualisiert werden muss, enth\u00e4lt eine Vielzahl von Chemikalien, die in vielen Alltagsgegenst\u00e4nden enthalten sind, z. B. Farbstoffe, L\u00f6sungsmittel, Arzneimittel, Lebensmittelzus\u00e4tze, Nebenprodukte bestimmter Verfahren, Pestizide und Tabakerzeugnisse. Der Zweck von Proposition 65 besteht darin, sicherzustellen, dass die Menschen \u00fcber die Exposition gegen\u00fcber diesen Chemikalien informiert werden.<\/p>\n<p>Gem\u00e4\u00df Proposition 65 m\u00fcssen au\u00dferdem Warnhinweise auf einem Produkt, einer Produktverpackung oder einer Literatur angebracht werden, die eines der \u00fcber 800 von OEHHA aufgelisteten Chemikalien enth\u00e4lt oder enthalten kann. Wie oben erw\u00e4hnt, werden viele der unter Satz 65 aufgef\u00fchrten Elemente seit Jahren routinem\u00e4\u00dfig in allt\u00e4glichen Verbrauchsg\u00fctern verwendet, ohne dass ein Schaden dokumentiert ist.<\/p>\n<p>Ein Warnhinweis muss gegeben werden, wenn die aufgef\u00fchrte Chemikalie nur in einem Produkt enthalten ist, es sei denn, ein Unternehmen weist nach, dass die Exposition, die es verursacht, \u201ekein signifikantes Risiko\u201c darstellt Ebenen in der Welt. In Bezug auf Karzinogene wird das \u201ekein signifikantes Risiko\u201c -Niveau als das Niveau definiert, das berechnet wird, um bei 100.000 Personen, die \u00fcber einen Zeitraum von 70 Jahren exponiert waren, nicht mehr als einen Krebs\u00fcberschuss zu verursachen. Mit anderen Worten, wenn Sie 70 Jahre lang jeden Tag der betreffenden Chemikalie auf diesem Niveau ausgesetzt sind, erh\u00f6ht sich theoretisch die Wahrscheinlichkeit, an Krebs zu erkranken, um nicht mehr als einen Fall von 100.000 Personen, die dieser Exposition ausgesetzt sind.<\/p>\n<p>In Bezug auf fortpflanzungsgef\u00e4hrdende Stoffe wird der Expositionsgrad \u201ekein signifikantes Risiko\u201c als Expositionsgrad definiert, der, selbst wenn er mit 1.000 multipliziert wird, keine Geburtsfehler oder andere reproduktive Sch\u00e4den verursacht. Mit anderen Worten, die Belichtungsst\u00e4rke liegt unter der \u201eno observable effect level\u201c, dividiert durch 1.000. (Das &quot;no observable effect level&quot; ist die h\u00f6chste Dosis, die nicht mit beobachtbaren reproduktiven Sch\u00e4den bei Menschen oder Versuchstieren in Verbindung gebracht wurde.)<\/p>\n\n\t\t<\/div> \n\t<\/div> <\/div><\/div><\/div><\/div>\n\t<div class=\"wpb_text_column wpb_content_element   ct_b9c4ti7p3vpgcj0u32oi\">\n\t\t<div class=\"wpb_wrapper\">\n\t\t\t<p>Weitere Informationen zu Proposition 65 finden Sie unter: <a href=\"http:\/\/www.oehha.ca.gov\/prop65\/getNSRLs.html\" target=\"_blank\" rel=\"noopener noreferrer\">www.oehha.ca.gov\/prop65<\/a><\/p>\n\n\t\t<\/div> \n\t<\/div> \n\t\t<\/div> <\/div>\n\t<\/div> \n<\/div><div class=\"vc_row wpb_row vc_row-fluid mpc-row\"><div class=\"vc_span12 wpb_column vc_column_container mpc-column\"><div class=\"vc_column-inner\">\n\t\t<div class=\"wpb_wrapper\">\n\t\t\t\n\t\t<\/div> <\/div>\n\t<\/div> \n<\/div>\n<\/div>","protected":false},"excerpt":{"rendered":"<p>Prop 65 What does the Prop 65 warning I found on my Gator product mean? &ldquo;This product contains a chemical known to the State of California to cause cancer and birth defects or other reproductive harm,&rdquo; is not what you expect to see when you open your new case, bag or stand. You may even<\/p>","protected":false},"author":6,"featured_media":0,"parent":0,"menu_order":0,"comment_status":"closed","ping_status":"closed","template":"","meta":{"_acf_changed":false,"footnotes":""},"class_list":["post-9084","page","type-page","status-publish","hentry"],"acf":[],"yoast_head":"<!-- This site is optimized with the Yoast SEO plugin v27.2 - https:\/\/yoast.com\/product\/yoast-seo-wordpress\/ -->\n<title>Prop 65 - JBL Bags<\/title>\n<meta name=\"robots\" content=\"index, follow, max-snippet:-1, max-image-preview:large, max-video-preview:-1\" \/>\n<link rel=\"canonical\" href=\"https:\/\/jblbags.com\/de\/prop-65\/\" \/>\n<meta property=\"og:locale\" content=\"de_DE\" \/>\n<meta property=\"og:type\" content=\"article\" \/>\n<meta property=\"og:title\" content=\"Prop 65 - JBL Bags\" \/>\n<meta property=\"og:description\" content=\"Prop 65 What does the Prop 65 warning I found on my Gator product mean? &ldquo;This product contains a chemical known to the State of California to cause cancer and birth defects or other reproductive harm,&rdquo; is not what you expect to see when you open your new case, bag or stand. You may even\" \/>\n<meta property=\"og:url\" content=\"https:\/\/jblbags.com\/de\/prop-65\/\" \/>\n<meta property=\"og:site_name\" content=\"JBL Bags\" \/>\n<meta property=\"article:modified_time\" content=\"2017-05-26T17:49:20+00:00\" \/>\n<meta name=\"twitter:card\" content=\"summary_large_image\" \/>\n<meta name=\"twitter:label1\" content=\"Gesch\u00e4tzte Lesezeit\" \/>\n\t<meta name=\"twitter:data1\" content=\"5 Minuten\" \/>\n<script type=\"application\/ld+json\" class=\"yoast-schema-graph\">{\"@context\":\"https:\/\/schema.org\",\"@graph\":[{\"@type\":\"WebPage\",\"@id\":\"https:\/\/jblbags.com\/prop-65\/\",\"url\":\"https:\/\/jblbags.com\/prop-65\/\",\"name\":\"Prop 65 - JBL Bags\",\"isPartOf\":{\"@id\":\"https:\/\/jblbags.com\/#website\"},\"datePublished\":\"2017-05-26T15:56:03+00:00\",\"dateModified\":\"2017-05-26T17:49:20+00:00\",\"breadcrumb\":{\"@id\":\"https:\/\/jblbags.com\/prop-65\/#breadcrumb\"},\"inLanguage\":\"de-DE\",\"potentialAction\":[{\"@type\":\"ReadAction\",\"target\":[\"https:\/\/jblbags.com\/prop-65\/\"]}]},{\"@type\":\"BreadcrumbList\",\"@id\":\"https:\/\/jblbags.com\/prop-65\/#breadcrumb\",\"itemListElement\":[{\"@type\":\"ListItem\",\"position\":1,\"name\":\"Home\",\"item\":\"https:\/\/jblbags.com\/\"},{\"@type\":\"ListItem\",\"position\":2,\"name\":\"Prop 65\"}]},{\"@type\":\"WebSite\",\"@id\":\"https:\/\/jblbags.com\/#website\",\"url\":\"https:\/\/jblbags.com\/\",\"name\":\"JBL Bags\",\"description\":\"The Official Provider of JBL Bags, Cases, Covers and Stands\",\"potentialAction\":[{\"@type\":\"SearchAction\",\"target\":{\"@type\":\"EntryPoint\",\"urlTemplate\":\"https:\/\/jblbags.com\/?s={search_term_string}\"},\"query-input\":{\"@type\":\"PropertyValueSpecification\",\"valueRequired\":true,\"valueName\":\"search_term_string\"}}],\"inLanguage\":\"de-DE\"}]}<\/script>\n<!-- \/ Yoast SEO plugin. -->","yoast_head_json":{"title":"Prop 65 - JBL Bags","robots":{"index":"index","follow":"follow","max-snippet":"max-snippet:-1","max-image-preview":"max-image-preview:large","max-video-preview":"max-video-preview:-1"},"canonical":"https:\/\/jblbags.com\/de\/prop-65\/","og_locale":"de_DE","og_type":"article","og_title":"Prop 65 - JBL Bags","og_description":"Prop 65 What does the Prop 65 warning I found on my Gator product mean? &ldquo;This product contains a chemical known to the State of California to cause cancer and birth defects or other reproductive harm,&rdquo; is not what you expect to see when you open your new case, bag or stand. You may even","og_url":"https:\/\/jblbags.com\/de\/prop-65\/","og_site_name":"JBL Bags","article_modified_time":"2017-05-26T17:49:20+00:00","twitter_card":"summary_large_image","twitter_misc":{"Gesch\u00e4tzte Lesezeit":"5 Minuten"},"schema":{"@context":"https:\/\/schema.org","@graph":[{"@type":"WebPage","@id":"https:\/\/jblbags.com\/prop-65\/","url":"https:\/\/jblbags.com\/prop-65\/","name":"Prop 65 - JBL Bags","isPartOf":{"@id":"https:\/\/jblbags.com\/#website"},"datePublished":"2017-05-26T15:56:03+00:00","dateModified":"2017-05-26T17:49:20+00:00","breadcrumb":{"@id":"https:\/\/jblbags.com\/prop-65\/#breadcrumb"},"inLanguage":"de-DE","potentialAction":[{"@type":"ReadAction","target":["https:\/\/jblbags.com\/prop-65\/"]}]},{"@type":"BreadcrumbList","@id":"https:\/\/jblbags.com\/prop-65\/#breadcrumb","itemListElement":[{"@type":"ListItem","position":1,"name":"Home","item":"https:\/\/jblbags.com\/"},{"@type":"ListItem","position":2,"name":"Prop 65"}]},{"@type":"WebSite","@id":"https:\/\/jblbags.com\/#website","url":"https:\/\/jblbags.com\/","name":"JBL Taschen","description":"The Official Provider of JBL Bags, Cases, Covers and Stands","potentialAction":[{"@type":"SearchAction","target":{"@type":"EntryPoint","urlTemplate":"https:\/\/jblbags.com\/?s={search_term_string}"},"query-input":{"@type":"PropertyValueSpecification","valueRequired":true,"valueName":"search_term_string"}}],"inLanguage":"de-DE"}]}},"_links":{"self":[{"href":"https:\/\/jblbags.com\/de\/wp-json\/wp\/v2\/pages\/9084","targetHints":{"allow":["GET"]}}],"collection":[{"href":"https:\/\/jblbags.com\/de\/wp-json\/wp\/v2\/pages"}],"about":[{"href":"https:\/\/jblbags.com\/de\/wp-json\/wp\/v2\/types\/page"}],"author":[{"embeddable":true,"href":"https:\/\/jblbags.com\/de\/wp-json\/wp\/v2\/users\/6"}],"replies":[{"embeddable":true,"href":"https:\/\/jblbags.com\/de\/wp-json\/wp\/v2\/comments?post=9084"}],"version-history":[{"count":0,"href":"https:\/\/jblbags.com\/de\/wp-json\/wp\/v2\/pages\/9084\/revisions"}],"wp:attachment":[{"href":"https:\/\/jblbags.com\/de\/wp-json\/wp\/v2\/media?parent=9084"}],"curies":[{"name":"wp","href":"https:\/\/api.w.org\/{rel}","templated":true}]}}