{"id":9022,"date":"2017-05-25T19:35:14","date_gmt":"2017-05-25T19:35:14","guid":{"rendered":"http:\/\/gatorframeworks.com\/?page_id=9022"},"modified":"2022-01-20T17:27:09","modified_gmt":"2022-01-20T17:27:09","slug":"warranty","status":"publish","type":"page","link":"https:\/\/jblbags.com\/de\/warranty\/","title":{"rendered":"Garantie"},"content":{"rendered":"<div class=\"wpb-content-wrapper\"><div class=\"vc_row wpb_row vc_row-fluid vc_custom_1503581977172  full-width-section mpc-row\"><div class=\"vc_span12 wpb_column vc_column_container mpc-column\" data-column-id=\"mpc_column-1269e1a304f109d\"><div class=\"vc_column-inner\">\n\t\t<div class=\"wpb_wrapper\">\n\t\t\t\n\t<div class=\"wpb_text_column wpb_content_element   ct_gp3o0sfxl0bsm43idta7\">\n\t\t<div class=\"wpb_wrapper\">\n\t\t\t<div class=\"basic_page_title_wrap\">\n<h1 class=\"basic_page_title\">Garantie<\/h1>\n<\/div>\n\n\t\t<\/div> \n\t<\/div> \n\t\t<\/div> <\/div>\n\t<\/div> \n<\/div><div class=\"vc_row wpb_row vc_row-fluid vc_custom_1495740198669 mpc-row\"><div class=\"vc_span12 wpb_column vc_column_container mpc-column\"><div class=\"vc_column-inner\">\n\t\t<div class=\"wpb_wrapper\">\n\t\t\t\n\t<div class=\"wpb_text_column wpb_content_element   ct_4nj1zjt9xqlpdiwl2ivf\">\n\t\t<div class=\"wpb_wrapper\">\n\t\t\t<h2>F\u00fcr unsere F\u00e4lle, Taschen und Abdeckungen gilt eine einj\u00e4hrige Garantie.<\/h2>\n<p>JBL Bags hat sich der Herstellung von Etuis, H\u00fcllen, Taschen und Zubeh\u00f6r in h\u00f6chster Qualit\u00e4t verschrieben. Wir unterst\u00fctzen diese Verpflichtung mit einer 1-j\u00e4hrigen Garantie f\u00fcr Herstellungsfehler in Material und Verarbeitung. Diese Garantie gilt f\u00fcr den urspr\u00fcnglichen Besitzer und erfordert einen Kaufnachweis. Unsere Garantie berechtigt den urspr\u00fcnglichen Eigent\u00fcmer dazu, das Produkt zu reparieren oder zu ersetzen oder durch ein vergleichbares Produkt mit gleichem Wert und Zustand nach unserem Ermessen zu ersetzen. Diese Garantie gilt nur f\u00fcr JBL Bags-Produkte und schlie\u00dft den Verlust von pers\u00f6nlichem Eigentum, den Verlust des Gebrauchs, versehentliche Besch\u00e4digung, Missbrauch oder normalen Verschlei\u00df aus.<\/p>\n\n\t\t<\/div> \n\t<\/div> \n\t\t<\/div> <\/div>\n\t<\/div> \n<\/div><div class=\"vc_row wpb_row vc_row-fluid vc_custom_1503927822719  full-width-section mpc-row\"><div class=\"vc_span12 wpb_column vc_column_container mpc-column\"><div class=\"vc_column-inner\">\n\t\t<div class=\"wpb_wrapper\">\n\t\t\t\n\t<div class=\"wpb_text_column wpb_content_element   ct_g5xcx8ts3e1udlq35l7c\">\n\t\t<div class=\"wpb_wrapper\">\n\t\t\t<h2>1 Jahr Garantieinformationen<\/h2>\n<div class=\"section def_section\">\n<div class=\"pro-tab-wrap vc_row wpb_row vc_row-fluid tab-section mpc-row tabed-content-product desktop-view\">\n<div class=\"vc_span12 wpb_column vc_column_container mpc-column\">\n<div class=\"vc_column-inner\">\n<div class=\"wpb_wrapper\">\n<div class=\"mpc-tabs mpc-transition mpc-tabs--top mpc-inited\">\n<div class=\"mpc-tabs__content mpc-transition warranty_and_downloads\">\n<div id=\"tab-three-wear-warranty\" class=\"tab-three-wear-warranty_wrapper mpc-container mpc-transition\" data-active=\"true\">\n<div class=\"mpc-tab__content\">\n<div class=\"wpb_text_column wpb_content_element\">\n<div id=\"ct_8j1nlhrhjjg5fgzh1dtv\" class=\"wpb_wrapper\">\n<p><strong>Schaden nicht abgedeckt<\/strong>&nbsp;- Die Garantieleistung von JBL Bags beschr\u00e4nkt sich auf Herstellungsfehler und deckt keine Sch\u00e4den ab, die durch Missbrauch, Nachl\u00e4ssigkeit, Unf\u00e4lle, Abnutzung, extreme Temperaturen, L\u00f6sungsmittel, S\u00e4uren, Wasser, normale Abnutzung oder Transportsch\u00e4den verursacht wurden.<\/p>\n<p><strong>Bewegliche Teile<\/strong>&nbsp;- Die JBL Bags-Garantie erstreckt sich auf ein Jahr ab Kaufdatum auf bewegliche Teile, die regelm\u00e4\u00dfigem Verschlei\u00df unterliegen, einschlie\u00dflich Rei\u00dfverschl\u00fcssen, einziehbaren Griffen und R\u00e4dern. Nach einem Jahr werden wir vor Ort austauschbare Teile f\u00fcr die Lebensdauer des Produkts kostenlos anbieten. Der Ersatz ist jedoch nach einem Jahr nicht mehr verf\u00fcgbar und der Reparaturservice ist kostenpflichtig.<\/p>\n<p><strong>Airline \/ Versandschaden<\/strong>&nbsp;- Die JBL Bags-Garantie deckt keine Sch\u00e4den ab, die durch falsche Handhabung von Fluggesellschaften oder Spediteuren verursacht wurden. Sollte die Fluggesellschaft oder ein anderer Bef\u00f6rderer Ihr Produkt besch\u00e4digen, sollte dies sofort beim Bef\u00f6rderer geltend gemacht werden. Die meisten Spediteure bieten eine Versicherung gegen Verlust oder Besch\u00e4digung an. Gerne unterst\u00fctzen wir Sie bei der Antragsstellung, indem Sie Kosteninformationen zu Ersatzteilen, Reparaturen und Ersatzteilen zur Verf\u00fcgung stellen.<\/p>\n<p><strong>Auslaufartikel<\/strong>&nbsp;- Die JBL Bags-Garantie unterst\u00fctzt Teile und den Austausch nicht mehr hergestellter Produkte f\u00fcr ein Jahr ab dem Zeitpunkt, ab dem das Produkt nicht mehr bei JBL Bags erh\u00e4ltlich ist, oder ab einem Jahr ab dem urspr\u00fcnglichen Kauf, je nachdem, welcher Zeitpunkt sp\u00e4ter liegt. Nach einem Jahr ist das Produkt nicht mehr im Lebenszyklus und keine Garantie mehr. Wenn wir jedoch das Teil oder ein Ersatzteil noch haben, freuen wir uns immer, unseren Kunden einen Teileaustausch zu erm\u00f6glichen. Bitte kontaktieren Sie uns, um die Verf\u00fcgbarkeit von Fall zu Fall zu erfahren.<\/p>\n<p><strong>Annullieren Ihrer Garantie<br>\n<\/strong>\u2022 Die JBL Bags-Garantie gilt als ung\u00fcltig, wenn:<br>\n\u2022 Unsachgem\u00e4\u00dfe oder nicht ordnungsgem\u00e4\u00df ausgef\u00fchrte Wartungs- oder Reparaturarbeiten werden von einem nicht von JBL Bags zugelassenen Service-Center durchgef\u00fchrt.<br>\n\u2022 JBL Bags-Produkte werden in einer Mietkapazit\u00e4t verwendet.<\/p>\n<p><strong>Au\u00dferhalb der USA<\/strong>&nbsp;- Bitte kontaktieren Sie uns, um Informationen zu Ihrem lokalen H\u00e4ndler zu erhalten.<\/p>\n<p><strong>Verfahren zur L\u00f6sung des Garantieanspruches<\/strong>&nbsp;- Garantie Die Antragsteller m\u00fcssen eine Kopie ihrer Originalquittung als Kaufbeleg zusammen mit Fotos des Mangels vorlegen. Defekte Artikel werden an das n\u00e4chstgelegene JBL Bags Service Center zur\u00fcckgeschickt. Alle eingehenden Lieferungen liegen in der Verantwortung des Kunden, einschlie\u00dflich der Kosten f\u00fcr Verpackung, Versand und anwendbare Steuern. Nach Erhalt wird Ihr Produkt von einem unserer JBL Bags Service-Techniker gepr\u00fcft. Der Servicetechniker entscheidet, ob das Problem von der JBL Bags Garantie abgedeckt wird. Wenn die Garantie gilt, wird der Kunde dar\u00fcber informiert, ob das JBL Bags-Produkt repariert oder ersetzt wird. Das Ersatzprodukt ist im Vergleich zum Produkt des Kunden gleichwertig oder besser. Eine solche Reparatur oder ein Ersatz erfolgt auf alleinige Kosten von JBL Bags, einschlie\u00dflich der Kosten, die f\u00fcr die R\u00fccksendung des reparierten Produkts oder Ersatzprodukts erforderlich sind. Wenn das Produkt ersetzt werden muss und das Produkt nicht mehr verf\u00fcgbar ist (innerhalb eines Jahres nach dessen Auslauf), ersetzt JBL Bags das defekte Produkt durch ein vergleichbares Produkt von JBL Bags. Wenn aufgrund der oben aufgef\u00fchrten Ausschl\u00fcsse davon ausgegangen wird, dass die Garantie nicht gilt, wird der Kunde von JBL Bags kontaktiert, um eine angemessene L\u00f6sung zu finden.<\/p>\n<p>Diese Garantie ist freibleibend und kann im Ermessen von JBL Bags \/ Gator Cases Inc. ge\u00e4ndert werden.<\/p>\n<\/div>\n<\/div>\n<\/div>\n<\/div>\n<\/div>\n<\/div>\n<\/div>\n<\/div>\n<\/div>\n<\/div>\n<\/div>\n\n\t\t<\/div> \n\t<\/div> \n\t\t<\/div> <\/div>\n\t<\/div> \n<\/div><div class=\"vc_row wpb_row vc_row-fluid mpc-row\"><div class=\"vc_span12 wpb_column vc_column_container mpc-column\"><div class=\"vc_column-inner\">\n\t\t<div class=\"wpb_wrapper\">\n\t\t\t<style type=\"text\/css\" >#b_mbs3xtv3fjt9kg5fiany a{color:; background:; margin-top:0px; margin-bottom:0px;  margin-left:0px; margin-right:0px; font-weight:900; border-radius:0px;}#b_mbs3xtv3fjt9kg5fiany a:hover{color: ; background: ;}<\/style><div class=\"ta_center tf_btn_pos\" id=\"b_mbs3xtv3fjt9kg5fiany\"><a class=\"rd_normal_bt large_rd_bt\" href=\"https:\/\/rma.gatorcases.com\/\" target=\"\">FILE A CLAIM<\/a><\/div>\n\t\t<\/div> <\/div>\n\t<\/div> \n<\/div>\n<\/div>","protected":false},"excerpt":{"rendered":"<p>Warranty Our Cases, Bags and Covers are Backed by a 1-Year Warranty. JBL Bags is dedicated to producing the highest quality cases, covers, bags and accessories. We back up that commitment with a 1 year Warranty on any manufacturing defects in material and workmanship. &nbsp;This warranty applies to the original owner and requires proof of<\/p>","protected":false},"author":6,"featured_media":0,"parent":0,"menu_order":0,"comment_status":"closed","ping_status":"closed","template":"","meta":{"_acf_changed":false,"footnotes":""},"class_list":["post-9022","page","type-page","status-publish","hentry"],"acf":[],"yoast_head":"<!-- This site is optimized with the Yoast SEO plugin v27.2 - https:\/\/yoast.com\/product\/yoast-seo-wordpress\/ -->\n<title>Warranty - JBL Bags<\/title>\n<meta name=\"robots\" content=\"index, follow, max-snippet:-1, max-image-preview:large, max-video-preview:-1\" \/>\n<link rel=\"canonical\" href=\"https:\/\/jblbags.com\/de\/warranty\/\" \/>\n<meta property=\"og:locale\" content=\"de_DE\" \/>\n<meta property=\"og:type\" content=\"article\" \/>\n<meta property=\"og:title\" content=\"Warranty - JBL Bags\" \/>\n<meta property=\"og:description\" content=\"Warranty Our Cases, Bags and Covers are Backed by a 1-Year Warranty. JBL Bags is dedicated to producing the highest quality cases, covers, bags and accessories. We back up that commitment with a 1 year Warranty on any manufacturing defects in material and workmanship. &nbsp;This warranty applies to the original owner and requires proof of\" \/>\n<meta property=\"og:url\" content=\"https:\/\/jblbags.com\/de\/warranty\/\" \/>\n<meta property=\"og:site_name\" content=\"JBL Bags\" \/>\n<meta property=\"article:modified_time\" content=\"2022-01-20T17:27:09+00:00\" \/>\n<meta name=\"twitter:card\" content=\"summary_large_image\" \/>\n<meta name=\"twitter:label1\" content=\"Gesch\u00e4tzte Lesezeit\" \/>\n\t<meta name=\"twitter:data1\" content=\"4 Minuten\" \/>\n<script type=\"application\/ld+json\" class=\"yoast-schema-graph\">{\"@context\":\"https:\/\/schema.org\",\"@graph\":[{\"@type\":\"WebPage\",\"@id\":\"https:\/\/jblbags.com\/warranty\/\",\"url\":\"https:\/\/jblbags.com\/warranty\/\",\"name\":\"Warranty - JBL Bags\",\"isPartOf\":{\"@id\":\"https:\/\/jblbags.com\/#website\"},\"datePublished\":\"2017-05-25T19:35:14+00:00\",\"dateModified\":\"2022-01-20T17:27:09+00:00\",\"breadcrumb\":{\"@id\":\"https:\/\/jblbags.com\/warranty\/#breadcrumb\"},\"inLanguage\":\"de-DE\",\"potentialAction\":[{\"@type\":\"ReadAction\",\"target\":[\"https:\/\/jblbags.com\/warranty\/\"]}]},{\"@type\":\"BreadcrumbList\",\"@id\":\"https:\/\/jblbags.com\/warranty\/#breadcrumb\",\"itemListElement\":[{\"@type\":\"ListItem\",\"position\":1,\"name\":\"Home\",\"item\":\"https:\/\/jblbags.com\/\"},{\"@type\":\"ListItem\",\"position\":2,\"name\":\"Warranty\"}]},{\"@type\":\"WebSite\",\"@id\":\"https:\/\/jblbags.com\/#website\",\"url\":\"https:\/\/jblbags.com\/\",\"name\":\"JBL Bags\",\"description\":\"The Official Provider of JBL Bags, Cases, Covers and Stands\",\"potentialAction\":[{\"@type\":\"SearchAction\",\"target\":{\"@type\":\"EntryPoint\",\"urlTemplate\":\"https:\/\/jblbags.com\/?s={search_term_string}\"},\"query-input\":{\"@type\":\"PropertyValueSpecification\",\"valueRequired\":true,\"valueName\":\"search_term_string\"}}],\"inLanguage\":\"de-DE\"}]}<\/script>\n<!-- \/ Yoast SEO plugin. -->","yoast_head_json":{"title":"Warranty - JBL Bags","robots":{"index":"index","follow":"follow","max-snippet":"max-snippet:-1","max-image-preview":"max-image-preview:large","max-video-preview":"max-video-preview:-1"},"canonical":"https:\/\/jblbags.com\/de\/warranty\/","og_locale":"de_DE","og_type":"article","og_title":"Warranty - JBL Bags","og_description":"Warranty Our Cases, Bags and Covers are Backed by a 1-Year Warranty. JBL Bags is dedicated to producing the highest quality cases, covers, bags and accessories. We back up that commitment with a 1 year Warranty on any manufacturing defects in material and workmanship. &nbsp;This warranty applies to the original owner and requires proof of","og_url":"https:\/\/jblbags.com\/de\/warranty\/","og_site_name":"JBL Bags","article_modified_time":"2022-01-20T17:27:09+00:00","twitter_card":"summary_large_image","twitter_misc":{"Gesch\u00e4tzte Lesezeit":"4 Minuten"},"schema":{"@context":"https:\/\/schema.org","@graph":[{"@type":"WebPage","@id":"https:\/\/jblbags.com\/warranty\/","url":"https:\/\/jblbags.com\/warranty\/","name":"Warranty - JBL Bags","isPartOf":{"@id":"https:\/\/jblbags.com\/#website"},"datePublished":"2017-05-25T19:35:14+00:00","dateModified":"2022-01-20T17:27:09+00:00","breadcrumb":{"@id":"https:\/\/jblbags.com\/warranty\/#breadcrumb"},"inLanguage":"de-DE","potentialAction":[{"@type":"ReadAction","target":["https:\/\/jblbags.com\/warranty\/"]}]},{"@type":"BreadcrumbList","@id":"https:\/\/jblbags.com\/warranty\/#breadcrumb","itemListElement":[{"@type":"ListItem","position":1,"name":"Home","item":"https:\/\/jblbags.com\/"},{"@type":"ListItem","position":2,"name":"Warranty"}]},{"@type":"WebSite","@id":"https:\/\/jblbags.com\/#website","url":"https:\/\/jblbags.com\/","name":"JBL Taschen","description":"The Official Provider of JBL Bags, Cases, Covers and Stands","potentialAction":[{"@type":"SearchAction","target":{"@type":"EntryPoint","urlTemplate":"https:\/\/jblbags.com\/?s={search_term_string}"},"query-input":{"@type":"PropertyValueSpecification","valueRequired":true,"valueName":"search_term_string"}}],"inLanguage":"de-DE"}]}},"_links":{"self":[{"href":"https:\/\/jblbags.com\/de\/wp-json\/wp\/v2\/pages\/9022","targetHints":{"allow":["GET"]}}],"collection":[{"href":"https:\/\/jblbags.com\/de\/wp-json\/wp\/v2\/pages"}],"about":[{"href":"https:\/\/jblbags.com\/de\/wp-json\/wp\/v2\/types\/page"}],"author":[{"embeddable":true,"href":"https:\/\/jblbags.com\/de\/wp-json\/wp\/v2\/users\/6"}],"replies":[{"embeddable":true,"href":"https:\/\/jblbags.com\/de\/wp-json\/wp\/v2\/comments?post=9022"}],"version-history":[{"count":0,"href":"https:\/\/jblbags.com\/de\/wp-json\/wp\/v2\/pages\/9022\/revisions"}],"wp:attachment":[{"href":"https:\/\/jblbags.com\/de\/wp-json\/wp\/v2\/media?parent=9022"}],"curies":[{"name":"wp","href":"https:\/\/api.w.org\/{rel}","templated":true}]}}